{"id":243,"date":"2024-10-31T11:10:18","date_gmt":"2024-10-31T11:10:18","guid":{"rendered":"https:\/\/eduardo.ib6.pt\/?page_id=243"},"modified":"2024-11-04T15:10:02","modified_gmt":"2024-11-04T15:10:02","slug":"elementor-243","status":"publish","type":"page","link":"https:\/\/eduardo.ib6.pt\/index.php\/elementor-243\/","title":{"rendered":""},"content":{"rendered":"\t\t<div data-elementor-type=\"wp-page\" data-elementor-id=\"243\" class=\"elementor elementor-243\" data-elementor-post-type=\"page\">\n\t\t\t\t<div class=\"elementor-element elementor-element-8b7e925 e-flex e-con-boxed e-con e-parent\" data-id=\"8b7e925\" data-element_type=\"container\">\n\t\t\t\t\t<div class=\"e-con-inner\">\n\t\t<div class=\"elementor-element elementor-element-cdec10a e-con-full e-flex e-con e-child\" data-id=\"cdec10a\" data-element_type=\"container\">\n\t\t\t\t<div class=\"elementor-element elementor-element-65a7e30 elementor-widget elementor-widget-image\" data-id=\"65a7e30\" data-element_type=\"widget\" data-widget_type=\"image.default\">\n\t\t\t\t<div class=\"elementor-widget-container\">\n\t\t\t\t\t\t\t\t\t\t\t\t\t<img decoding=\"async\" width=\"150\" height=\"150\" src=\"https:\/\/eduardo.ib6.pt\/wp-content\/uploads\/2024\/10\/WhatsApp-Image-2024-10-29-at-11.33.51-150x150.jpeg\" class=\"attachment-thumbnail size-thumbnail wp-image-23\" alt=\"\" srcset=\"https:\/\/eduardo.ib6.pt\/wp-content\/uploads\/2024\/10\/WhatsApp-Image-2024-10-29-at-11.33.51-150x150.jpeg 150w, https:\/\/eduardo.ib6.pt\/wp-content\/uploads\/2024\/10\/WhatsApp-Image-2024-10-29-at-11.33.51-300x300.jpeg 300w, https:\/\/eduardo.ib6.pt\/wp-content\/uploads\/2024\/10\/WhatsApp-Image-2024-10-29-at-11.33.51-1024x1024.jpeg 1024w, https:\/\/eduardo.ib6.pt\/wp-content\/uploads\/2024\/10\/WhatsApp-Image-2024-10-29-at-11.33.51-768x768.jpeg 768w, https:\/\/eduardo.ib6.pt\/wp-content\/uploads\/2024\/10\/WhatsApp-Image-2024-10-29-at-11.33.51-1536x1536.jpeg 1536w, https:\/\/eduardo.ib6.pt\/wp-content\/uploads\/2024\/10\/WhatsApp-Image-2024-10-29-at-11.33.51.jpeg 1599w\" sizes=\"(max-width: 150px) 100vw, 150px\" \/>\t\t\t\t\t\t\t\t\t\t\t\t\t<\/div>\n\t\t\t\t<\/div>\n\t\t\t\t<\/div>\n\t\t<div class=\"elementor-element elementor-element-5940983 e-con-full e-flex e-con e-child\" data-id=\"5940983\" data-element_type=\"container\">\n\t\t\t\t<div class=\"elementor-element elementor-element-593f9f5 elementor-widget elementor-widget-text-editor\" data-id=\"593f9f5\" data-element_type=\"widget\" data-widget_type=\"text-editor.default\">\n\t\t\t\t<div class=\"elementor-widget-container\">\n\t\t\t\t\t\t\t<p>Ol\u00e1 sou o Eduardo Fernandes tenho 21 anos moro em&nbsp; Mem Martins.<\/p>\n<p>Sou uma pessoa bem-disposta e de f\u00e1cil conviv\u00eancia, com uma atitude positiva que contribui para um ambiente de trabalho saud\u00e1vel. No meu tempo livre, gosto de explorar a minha paix\u00e3o pela m\u00fasica, tocando guitarra, e tenho grande interesse pelo mundo autom\u00f3vel. Valorizo tamb\u00e9m momentos de conv\u00edvio com amigos e fam\u00edlia, o que reflete a minha capacidade de relacionamento interpessoal e de trabalho em equipa.<\/p><p><strong>Habilidades Adicionais<\/strong>:<\/p><ul><li>Carta de condu\u00e7\u00e3o de ligeiros<\/li><li>Viatura pr\u00f3pria dispon\u00edvel para desloca\u00e7\u00f5es<\/li><\/ul>\t\t\t\t\t\t<\/div>\n\t\t\t\t<\/div>\n\t\t\t\t<\/div>\n\t\t\t\t\t<\/div>\n\t\t\t\t<\/div>\n\t\t\t\t<\/div>\n\t\t","protected":false},"excerpt":{"rendered":"<p>Ol\u00e1 sou o Eduardo Fernandes tenho 21 anos moro em&nbsp; Mem Martins. Sou uma pessoa bem-disposta e de f\u00e1cil conviv\u00eancia, com uma atitude positiva que contribui para um ambiente de trabalho saud\u00e1vel. No meu tempo livre, gosto de explorar a minha paix\u00e3o pela m\u00fasica, tocando guitarra, e tenho grande interesse pelo mundo autom\u00f3vel. Valorizo tamb\u00e9m [&hellip;]<\/p>\n","protected":false},"author":1,"featured_media":0,"parent":0,"menu_order":0,"comment_status":"closed","ping_status":"closed","template":"","meta":{"footnotes":""},"class_list":["post-243","page","type-page","status-publish","hentry"],"_links":{"self":[{"href":"https:\/\/eduardo.ib6.pt\/index.php\/wp-json\/wp\/v2\/pages\/243"}],"collection":[{"href":"https:\/\/eduardo.ib6.pt\/index.php\/wp-json\/wp\/v2\/pages"}],"about":[{"href":"https:\/\/eduardo.ib6.pt\/index.php\/wp-json\/wp\/v2\/types\/page"}],"author":[{"embeddable":true,"href":"https:\/\/eduardo.ib6.pt\/index.php\/wp-json\/wp\/v2\/users\/1"}],"replies":[{"embeddable":true,"href":"https:\/\/eduardo.ib6.pt\/index.php\/wp-json\/wp\/v2\/comments?post=243"}],"version-history":[{"count":14,"href":"https:\/\/eduardo.ib6.pt\/index.php\/wp-json\/wp\/v2\/pages\/243\/revisions"}],"predecessor-version":[{"id":350,"href":"https:\/\/eduardo.ib6.pt\/index.php\/wp-json\/wp\/v2\/pages\/243\/revisions\/350"}],"wp:attachment":[{"href":"https:\/\/eduardo.ib6.pt\/index.php\/wp-json\/wp\/v2\/media?parent=243"}],"curies":[{"name":"wp","href":"https:\/\/api.w.org\/{rel}","templated":true}]}}