{"id":230,"date":"2024-10-30T16:40:52","date_gmt":"2024-10-30T16:40:52","guid":{"rendered":"https:\/\/eduardo.ib6.pt\/?page_id=230"},"modified":"2024-11-04T12:29:29","modified_gmt":"2024-11-04T12:29:29","slug":"230-2","status":"publish","type":"page","link":"https:\/\/eduardo.ib6.pt\/index.php\/230-2\/","title":{"rendered":""},"content":{"rendered":"\t\t<div data-elementor-type=\"wp-page\" data-elementor-id=\"230\" class=\"elementor elementor-230\" data-elementor-post-type=\"page\">\n\t\t\t\t<div class=\"elementor-element elementor-element-498f8b8 e-grid e-con-boxed e-con e-parent\" data-id=\"498f8b8\" data-element_type=\"container\">\n\t\t\t\t\t<div class=\"e-con-inner\">\n\t\t\t\t<div class=\"elementor-element elementor-element-043b71c elementor-widget elementor-widget-text-editor\" data-id=\"043b71c\" data-element_type=\"widget\" data-widget_type=\"text-editor.default\">\n\t\t\t\t<div class=\"elementor-widget-container\">\n\t\t\t\t\t\t\t<p>Minha Forma\u00e7\u00e3o profissional :<\/p>\n<p>9\u00baANO DE ESCOLARIDADE (incompleto)\u00a0 &#8211; CUIDADOR DE CRIAN\u00c7A E JOVENS \u2013 EPAV \u2013 Escola Profissional Alda<br \/>Brand\u00e3o de Vasconcelos<\/p>\n<p>Geral:<br \/>&#8211; Portugu\u00eas\u00a0<br \/>&#8211; Hist\u00f3ria<br \/>&#8211; Ingl\u00eas<br \/>&#8211; Educa\u00e7\u00e3o F\u00edsica<br \/>Especificas:<br \/>&#8211; Matem\u00e1tica Aplicada \u00e0s Ci\u00eancias Sociais<br \/>&#8211; Geografia A<br \/>&#8211; Filosofia<br \/>-Psicologia<br \/>-Sociologia<\/p>\n<p>\u00a0<\/p>\n<p>\u00a0<\/p>\t\t\t\t\t\t<\/div>\n\t\t\t\t<\/div>\n\t\t\t\t\t<\/div>\n\t\t\t\t<\/div>\n\t\t\t\t<\/div>\n\t\t","protected":false},"excerpt":{"rendered":"<p>Minha Forma\u00e7\u00e3o profissional : 9\u00baANO DE ESCOLARIDADE (incompleto)\u00a0 &#8211; CUIDADOR DE CRIAN\u00c7A E JOVENS \u2013 EPAV \u2013 Escola Profissional AldaBrand\u00e3o de Vasconcelos Geral:&#8211; Portugu\u00eas\u00a0&#8211; Hist\u00f3ria&#8211; Ingl\u00eas&#8211; Educa\u00e7\u00e3o F\u00edsicaEspecificas:&#8211; Matem\u00e1tica Aplicada \u00e0s Ci\u00eancias Sociais&#8211; Geografia A&#8211; Filosofia-Psicologia-Sociologia \u00a0 \u00a0<\/p>\n","protected":false},"author":1,"featured_media":0,"parent":0,"menu_order":0,"comment_status":"closed","ping_status":"closed","template":"","meta":{"footnotes":""},"class_list":["post-230","page","type-page","status-publish","hentry"],"_links":{"self":[{"href":"https:\/\/eduardo.ib6.pt\/index.php\/wp-json\/wp\/v2\/pages\/230"}],"collection":[{"href":"https:\/\/eduardo.ib6.pt\/index.php\/wp-json\/wp\/v2\/pages"}],"about":[{"href":"https:\/\/eduardo.ib6.pt\/index.php\/wp-json\/wp\/v2\/types\/page"}],"author":[{"embeddable":true,"href":"https:\/\/eduardo.ib6.pt\/index.php\/wp-json\/wp\/v2\/users\/1"}],"replies":[{"embeddable":true,"href":"https:\/\/eduardo.ib6.pt\/index.php\/wp-json\/wp\/v2\/comments?post=230"}],"version-history":[{"count":7,"href":"https:\/\/eduardo.ib6.pt\/index.php\/wp-json\/wp\/v2\/pages\/230\/revisions"}],"predecessor-version":[{"id":333,"href":"https:\/\/eduardo.ib6.pt\/index.php\/wp-json\/wp\/v2\/pages\/230\/revisions\/333"}],"wp:attachment":[{"href":"https:\/\/eduardo.ib6.pt\/index.php\/wp-json\/wp\/v2\/media?parent=230"}],"curies":[{"name":"wp","href":"https:\/\/api.w.org\/{rel}","templated":true}]}}